{"id":4,"date":"2016-02-12T07:54:41","date_gmt":"2016-02-12T07:54:41","guid":{"rendered":"http:\/\/demos.famethemes.com\/onepress\/?page_id=4"},"modified":"2024-10-29T19:59:51","modified_gmt":"2024-10-29T18:59:51","slug":"home","status":"publish","type":"page","link":"https:\/\/souvenirsdunevie.com\/","title":{"rendered":"Home"},"content":{"rendered":"\n<div class=\"wp-block-group alignwide is-layout-flow wp-block-group-is-layout-flow\">\n<p>L&#8217;id\u00e9e m&#8217;est venue quelques mois avant le d\u00e9c\u00e8s de ma m\u00e8re: qui mieux qu&#8217;elle-m\u00eame pouvait transmettre aux petits enfants la riche histoire de sa famille et de sa vie&nbsp;? Bien m&#8217;en a pris, j&#8217;ai maintenant un film de plus de deux heures retra\u00e7ant l&#8217;histoire de nos a\u00efeuls ainsi que des anecdotes croustillantes sur son enfance, sa jeunesse, ses doutes, ses joies. Et je sais enfin qui sont ces gens sur ces vieilles photos dans la cuisine&nbsp;!<\/p>\n\n\n\n<div class=\"wp-block-group is-layout-flow wp-block-group-is-layout-flow\">\n<p><strong>Vous aussi, offrez aux g\u00e9n\u00e9rations futures une interview biographique de vous-m\u00eame ou de vos ain\u00e9s.<\/strong><\/p>\n\n\n\n<p>Film\u00e9 en qualit\u00e9 professionnelle, ce film pourra \u00eatre transmis en h\u00e9ritage, au m\u00eame titre qu\u2019un journal, des lettres, un bibelot.<\/p>\n<\/div>\n<\/div>\n\n\n\n<p><\/p>\n","protected":false},"excerpt":{"rendered":"<p>L&#8217;id\u00e9e m&#8217;est venue quelques mois avant le d\u00e9c\u00e8s de ma m\u00e8re: qui mieux qu&#8217;elle-m\u00eame pouvait transmettre aux petits enfants la riche histoire de sa famille et de sa vie&nbsp;? Bien m&#8217;en a pris, j&#8217;ai maintenant un film de plus de deux heures retra\u00e7ant l&#8217;histoire de nos a\u00efeuls ainsi que des anecdotes croustillantes sur son enfance,&hellip;<\/p>\n","protected":false},"author":2,"featured_media":0,"parent":0,"menu_order":0,"comment_status":"closed","ping_status":"closed","template":"template-frontpage.php","meta":{"footnotes":""},"class_list":["post-4","page","type-page","status-publish","hentry"],"_links":{"self":[{"href":"https:\/\/souvenirsdunevie.com\/index.php\/wp-json\/wp\/v2\/pages\/4","targetHints":{"allow":["GET"]}}],"collection":[{"href":"https:\/\/souvenirsdunevie.com\/index.php\/wp-json\/wp\/v2\/pages"}],"about":[{"href":"https:\/\/souvenirsdunevie.com\/index.php\/wp-json\/wp\/v2\/types\/page"}],"author":[{"embeddable":true,"href":"https:\/\/souvenirsdunevie.com\/index.php\/wp-json\/wp\/v2\/users\/2"}],"replies":[{"embeddable":true,"href":"https:\/\/souvenirsdunevie.com\/index.php\/wp-json\/wp\/v2\/comments?post=4"}],"version-history":[{"count":15,"href":"https:\/\/souvenirsdunevie.com\/index.php\/wp-json\/wp\/v2\/pages\/4\/revisions"}],"predecessor-version":[{"id":1706,"href":"https:\/\/souvenirsdunevie.com\/index.php\/wp-json\/wp\/v2\/pages\/4\/revisions\/1706"}],"wp:attachment":[{"href":"https:\/\/souvenirsdunevie.com\/index.php\/wp-json\/wp\/v2\/media?parent=4"}],"curies":[{"name":"wp","href":"https:\/\/api.w.org\/{rel}","templated":true}]}}