{"id":1660,"date":"2024-10-29T14:24:41","date_gmt":"2024-10-29T13:24:41","guid":{"rendered":"https:\/\/souvenirsdunevie.com\/?page_id=1660"},"modified":"2024-11-05T15:42:59","modified_gmt":"2024-11-05T14:42:59","slug":"autres-realisations","status":"publish","type":"page","link":"https:\/\/souvenirsdunevie.com\/index.php\/autres-realisations\/","title":{"rendered":"Autres r\u00e9alisations"},"content":{"rendered":"\n<figure class=\"wp-block-image alignfull size-full\"><img loading=\"lazy\" decoding=\"async\" width=\"1600\" height=\"182\" src=\"https:\/\/souvenirsdunevie.com\/wp-content\/uploads\/2024\/11\/Titre-autresreals-pellicule-2.jpg\" alt=\"\" class=\"wp-image-1728\" srcset=\"https:\/\/souvenirsdunevie.com\/wp-content\/uploads\/2024\/11\/Titre-autresreals-pellicule-2.jpg 1600w, https:\/\/souvenirsdunevie.com\/wp-content\/uploads\/2024\/11\/Titre-autresreals-pellicule-2-300x34.jpg 300w, https:\/\/souvenirsdunevie.com\/wp-content\/uploads\/2024\/11\/Titre-autresreals-pellicule-2-1024x116.jpg 1024w, https:\/\/souvenirsdunevie.com\/wp-content\/uploads\/2024\/11\/Titre-autresreals-pellicule-2-768x87.jpg 768w, https:\/\/souvenirsdunevie.com\/wp-content\/uploads\/2024\/11\/Titre-autresreals-pellicule-2-1536x175.jpg 1536w\" sizes=\"auto, (max-width: 1600px) 100vw, 1600px\" \/><\/figure>\n\n\n\n<div class=\"wp-block-group alignwide is-layout-flow wp-block-group-is-layout-flow\" style=\"padding-top:0px\">\n<h2 class=\"wp-block-heading\" style=\"margin-top:40px\">Petite s\u00e9lection de travaux ant\u00e9rieurs<\/h2>\n\n\n\n<div style=\"height:20px\" aria-hidden=\"true\" class=\"wp-block-spacer\"><\/div>\n\n\n\n<div class=\"wp-block-columns is-layout-flex wp-container-core-columns-is-layout-28f84493 wp-block-columns-is-layout-flex\">\n<div class=\"wp-block-column is-layout-flow wp-block-column-is-layout-flow\">\n<p>Voici un film que j\u2019ai fait, \u00e0 sa demande, sur un artiste peintre et son travail. Ce fut une aventure passionnante et une belle rencontre. <\/p>\n\n\n\n<p>Toute la difficult\u00e9 \u00e9tait de rendre vivante une s\u00e9rie d\u2019\u0153uvres en deux dimensions, j\u2019avais jusque l\u00e0 plut\u00f4t film\u00e9 des sculptures ou des danseurs.<\/p>\n\n\n\n<p>Vous pouvez y voir un exemple d\u2019interview avec lumi\u00e8re ambiante.<\/p>\n<\/div>\n\n\n\n<div class=\"wp-block-column is-layout-flow wp-block-column-is-layout-flow\">\n<figure class=\"wp-block-embed is-type-video is-provider-youtube wp-block-embed-youtube wp-embed-aspect-16-9 wp-has-aspect-ratio\"><div class=\"wp-block-embed__wrapper\">\n<iframe loading=\"lazy\" title=\"Jean-Paul INGRAND peintures\" width=\"500\" height=\"281\" src=\"https:\/\/www.youtube.com\/embed\/UM7UEduFkDk?feature=oembed\" frameborder=\"0\" allow=\"accelerometer; autoplay; clipboard-write; encrypted-media; gyroscope; picture-in-picture; web-share\" referrerpolicy=\"strict-origin-when-cross-origin\" allowfullscreen><\/iframe>\n<\/div><\/figure>\n<\/div>\n<\/div>\n\n\n\n<div style=\"height:40px\" aria-hidden=\"true\" class=\"wp-block-spacer\"><\/div>\n\n\n\n<p>Voici deux petits teasers pour la sortie d\u2019un album d\u2019une artiste musicienne.<\/p>\n\n\n\n<div class=\"wp-block-columns is-layout-flex wp-container-core-columns-is-layout-28f84493 wp-block-columns-is-layout-flex\">\n<div class=\"wp-block-column is-layout-flow wp-block-column-is-layout-flow\">\n<figure class=\"wp-block-embed is-type-video is-provider-youtube wp-block-embed-youtube wp-embed-aspect-16-9 wp-has-aspect-ratio\"><div class=\"wp-block-embed__wrapper\">\n<iframe loading=\"lazy\" title=\"Lise Martin - Teaser Persona 1\" width=\"500\" height=\"281\" src=\"https:\/\/www.youtube.com\/embed\/fz7FoyRvVHs?feature=oembed\" frameborder=\"0\" allow=\"accelerometer; autoplay; clipboard-write; encrypted-media; gyroscope; picture-in-picture; web-share\" referrerpolicy=\"strict-origin-when-cross-origin\" allowfullscreen><\/iframe>\n<\/div><\/figure>\n<\/div>\n\n\n\n<div class=\"wp-block-column is-layout-flow wp-block-column-is-layout-flow\">\n<figure class=\"wp-block-embed is-type-video is-provider-youtube wp-block-embed-youtube wp-embed-aspect-16-9 wp-has-aspect-ratio\"><div class=\"wp-block-embed__wrapper\">\n<iframe loading=\"lazy\" title=\"Lise Martin - Teaser Persona 2\" width=\"500\" height=\"281\" src=\"https:\/\/www.youtube.com\/embed\/KePaB3_ZA7Y?feature=oembed\" frameborder=\"0\" allow=\"accelerometer; autoplay; clipboard-write; encrypted-media; gyroscope; picture-in-picture; web-share\" referrerpolicy=\"strict-origin-when-cross-origin\" allowfullscreen><\/iframe>\n<\/div><\/figure>\n<\/div>\n<\/div>\n\n\n\n<div style=\"height:40px\" aria-hidden=\"true\" class=\"wp-block-spacer\"><\/div>\n<\/div>\n\n\n\n<div class=\"wp-block-columns alignwide is-layout-flex wp-container-core-columns-is-layout-28f84493 wp-block-columns-is-layout-flex\">\n<div class=\"wp-block-column is-layout-flow wp-block-column-is-layout-flow\">\n<p>Voici une pr\u00e9sentation de La Pratique de C\u00e9cile Loyer. <\/p>\n\n\n\n<p>Il s&#8217;agissait de montrer le lieu et ce qu\u2019il s\u2019y passe dans un film tr\u00e8s court, car c\u2019\u00e9tait un lieu naissant qui demandait \u00e0 \u00eatre d\u00e9velopp\u00e9.<\/p>\n\n\n\n<p>Notez qu\u2019il n\u2019a pas \u00e9t\u00e9 film\u00e9 en Haute D\u00e9finition (contrairement \u00e0 ce que je fais aujourd\u2019hui)<\/p>\n<\/div>\n\n\n\n<div class=\"wp-block-column is-layout-flow wp-block-column-is-layout-flow\">\n<figure class=\"wp-block-embed is-type-video is-provider-vimeo wp-block-embed-vimeo wp-embed-aspect-16-9 wp-has-aspect-ratio\"><div class=\"wp-block-embed__wrapper\">\n<iframe loading=\"lazy\" title=\"La Pratique en 3&#039;39&quot;\" src=\"https:\/\/player.vimeo.com\/video\/55050383?dnt=1&amp;app_id=122963\" width=\"500\" height=\"281\" frameborder=\"0\" allow=\"autoplay; fullscreen; picture-in-picture; clipboard-write\"><\/iframe>\n<\/div><\/figure>\n<\/div>\n<\/div>\n","protected":false},"excerpt":{"rendered":"<p>Petite s\u00e9lection de travaux ant\u00e9rieurs Voici un film que j\u2019ai fait, \u00e0 sa demande, sur un artiste peintre et son travail. Ce fut une aventure passionnante et une belle rencontre. Toute la difficult\u00e9 \u00e9tait de rendre vivante une s\u00e9rie d\u2019\u0153uvres en deux dimensions, j\u2019avais jusque l\u00e0 plut\u00f4t film\u00e9 des sculptures ou des danseurs. Vous pouvez&hellip;<\/p>\n","protected":false},"author":1,"featured_media":0,"parent":0,"menu_order":0,"comment_status":"closed","ping_status":"closed","template":"","meta":{"footnotes":""},"class_list":["post-1660","page","type-page","status-publish","hentry"],"_links":{"self":[{"href":"https:\/\/souvenirsdunevie.com\/index.php\/wp-json\/wp\/v2\/pages\/1660","targetHints":{"allow":["GET"]}}],"collection":[{"href":"https:\/\/souvenirsdunevie.com\/index.php\/wp-json\/wp\/v2\/pages"}],"about":[{"href":"https:\/\/souvenirsdunevie.com\/index.php\/wp-json\/wp\/v2\/types\/page"}],"author":[{"embeddable":true,"href":"https:\/\/souvenirsdunevie.com\/index.php\/wp-json\/wp\/v2\/users\/1"}],"replies":[{"embeddable":true,"href":"https:\/\/souvenirsdunevie.com\/index.php\/wp-json\/wp\/v2\/comments?post=1660"}],"version-history":[{"count":20,"href":"https:\/\/souvenirsdunevie.com\/index.php\/wp-json\/wp\/v2\/pages\/1660\/revisions"}],"predecessor-version":[{"id":1729,"href":"https:\/\/souvenirsdunevie.com\/index.php\/wp-json\/wp\/v2\/pages\/1660\/revisions\/1729"}],"wp:attachment":[{"href":"https:\/\/souvenirsdunevie.com\/index.php\/wp-json\/wp\/v2\/media?parent=1660"}],"curies":[{"name":"wp","href":"https:\/\/api.w.org\/{rel}","templated":true}]}}