{"id":1654,"date":"2024-10-29T14:13:44","date_gmt":"2024-10-29T13:13:44","guid":{"rendered":"https:\/\/souvenirsdunevie.com\/?page_id=1654"},"modified":"2024-11-05T15:59:42","modified_gmt":"2024-11-05T14:59:42","slug":"bonnes-pratiques","status":"publish","type":"page","link":"https:\/\/souvenirsdunevie.com\/index.php\/bonnes-pratiques\/","title":{"rendered":"Bonnes pratiques"},"content":{"rendered":"\n<figure class=\"wp-block-image alignfull size-full\"><img loading=\"lazy\" decoding=\"async\" width=\"1600\" height=\"182\" src=\"https:\/\/souvenirsdunevie.com\/wp-content\/uploads\/2024\/11\/Titre-bonnespratiques-pellicule.jpg\" alt=\"\" class=\"wp-image-1730\" srcset=\"https:\/\/souvenirsdunevie.com\/wp-content\/uploads\/2024\/11\/Titre-bonnespratiques-pellicule.jpg 1600w, https:\/\/souvenirsdunevie.com\/wp-content\/uploads\/2024\/11\/Titre-bonnespratiques-pellicule-300x34.jpg 300w, https:\/\/souvenirsdunevie.com\/wp-content\/uploads\/2024\/11\/Titre-bonnespratiques-pellicule-1024x116.jpg 1024w, https:\/\/souvenirsdunevie.com\/wp-content\/uploads\/2024\/11\/Titre-bonnespratiques-pellicule-768x87.jpg 768w, https:\/\/souvenirsdunevie.com\/wp-content\/uploads\/2024\/11\/Titre-bonnespratiques-pellicule-1536x175.jpg 1536w\" sizes=\"auto, (max-width: 1600px) 100vw, 1600px\" \/><\/figure>\n\n\n\n<div class=\"wp-block-group alignwide is-layout-flow wp-block-group-is-layout-flow\">\n<h2 class=\"wp-block-heading\">Bon \u00e0 savoir<\/h2>\n\n\n\n<p>Il est recommand\u00e9 de <strong>faire au moins deux sauvegardes de votre film<\/strong> (sur deux disques durs, ou une sur disque et l&#8217;autre dans le cloud etc&#8230;)<\/p>\n\n\n\n<p>Il est \u00e0 conserver comme un objet pr\u00e9cieux.<\/p>\n\n\n\n<p>Il faudra aussi s&#8217;assurer dans 10, 20 ou 30 ans que le format de fichier soit toujours compatible avec les logiciels du moment et faire une conversion le cas \u00e9ch\u00e9ant. Je pourrai proposer ce service tant que je suis en activit\u00e9.<\/p>\n\n\n\n<p>Je m&#8217;engage \u00e0 garder une copie de votre film aussi longtemps que possible si jamais vous perdez la v\u00f4tre, <em>mais ce n&#8217;est pas un engagement contractuel<\/em>. Il n&#8217;y a aucune garantie dans ce sens en cas de probl\u00e8me avec mon stockage.<\/p>\n\n\n\n<p>En cas de corruption des supports m\u00e9moire lors de l&#8217;enregistrement, il vous sera propos\u00e9, le cas \u00e9ch\u00e9ant, soit un remboursement int\u00e9gral, soit de refaire l&#8217;interview, en aucun cas un d\u00e9dommagement. M\u00eame s&#8217;il s&#8217;agit de mat\u00e9riel professionnel, une avarie est possible.<\/p>\n\n\n\n<p>Concernant l&#8217;insertion de photos pour la formule classique et \u00e9conomique&nbsp;: <br>Il faudra les pr\u00e9parer et me les fournir sur support num\u00e9rique (par mail ou par clef). Il sera tout de m\u00eame possible de prendre quelques photos sur place \u00e0 titre gracieux si le besoin s&#8217;en fait sentir.<\/p>\n<\/div>\n","protected":false},"excerpt":{"rendered":"<p>Bon \u00e0 savoir Il est recommand\u00e9 de faire au moins deux sauvegardes de votre film (sur deux disques durs, ou une sur disque et l&#8217;autre dans le cloud etc&#8230;) Il est \u00e0 conserver comme un objet pr\u00e9cieux. Il faudra aussi s&#8217;assurer dans 10, 20 ou 30 ans que le format de fichier soit toujours compatible&hellip;<\/p>\n","protected":false},"author":1,"featured_media":0,"parent":0,"menu_order":0,"comment_status":"closed","ping_status":"closed","template":"","meta":{"footnotes":""},"class_list":["post-1654","page","type-page","status-publish","hentry"],"_links":{"self":[{"href":"https:\/\/souvenirsdunevie.com\/index.php\/wp-json\/wp\/v2\/pages\/1654","targetHints":{"allow":["GET"]}}],"collection":[{"href":"https:\/\/souvenirsdunevie.com\/index.php\/wp-json\/wp\/v2\/pages"}],"about":[{"href":"https:\/\/souvenirsdunevie.com\/index.php\/wp-json\/wp\/v2\/types\/page"}],"author":[{"embeddable":true,"href":"https:\/\/souvenirsdunevie.com\/index.php\/wp-json\/wp\/v2\/users\/1"}],"replies":[{"embeddable":true,"href":"https:\/\/souvenirsdunevie.com\/index.php\/wp-json\/wp\/v2\/comments?post=1654"}],"version-history":[{"count":10,"href":"https:\/\/souvenirsdunevie.com\/index.php\/wp-json\/wp\/v2\/pages\/1654\/revisions"}],"predecessor-version":[{"id":1731,"href":"https:\/\/souvenirsdunevie.com\/index.php\/wp-json\/wp\/v2\/pages\/1654\/revisions\/1731"}],"wp:attachment":[{"href":"https:\/\/souvenirsdunevie.com\/index.php\/wp-json\/wp\/v2\/media?parent=1654"}],"curies":[{"name":"wp","href":"https:\/\/api.w.org\/{rel}","templated":true}]}}