{"id":1626,"date":"2024-10-29T12:27:36","date_gmt":"2024-10-29T11:27:36","guid":{"rendered":"https:\/\/souvenirsdunevie.com\/?page_id=1626"},"modified":"2024-11-05T16:00:03","modified_gmt":"2024-11-05T15:00:03","slug":"tarifs","status":"publish","type":"page","link":"https:\/\/souvenirsdunevie.com\/index.php\/tarifs\/","title":{"rendered":"Tarifs"},"content":{"rendered":"\n<figure class=\"wp-block-image alignfull size-full\"><img loading=\"lazy\" decoding=\"async\" width=\"1600\" height=\"182\" src=\"https:\/\/souvenirsdunevie.com\/wp-content\/uploads\/2024\/11\/Titre-tarifs-pellicule.jpg\" alt=\"\" class=\"wp-image-1732\" srcset=\"https:\/\/souvenirsdunevie.com\/wp-content\/uploads\/2024\/11\/Titre-tarifs-pellicule.jpg 1600w, https:\/\/souvenirsdunevie.com\/wp-content\/uploads\/2024\/11\/Titre-tarifs-pellicule-300x34.jpg 300w, https:\/\/souvenirsdunevie.com\/wp-content\/uploads\/2024\/11\/Titre-tarifs-pellicule-1024x116.jpg 1024w, https:\/\/souvenirsdunevie.com\/wp-content\/uploads\/2024\/11\/Titre-tarifs-pellicule-768x87.jpg 768w, https:\/\/souvenirsdunevie.com\/wp-content\/uploads\/2024\/11\/Titre-tarifs-pellicule-1536x175.jpg 1536w\" sizes=\"auto, (max-width: 1600px) 100vw, 1600px\" \/><\/figure>\n\n\n\n<div class=\"wp-block-group alignwide is-layout-grid wp-container-core-group-is-layout-2931688a wp-block-group-is-layout-grid\">\n<div class=\"wp-block-group has-global-padding is-layout-constrained wp-block-group-is-layout-constrained\">\n<h2 class=\"wp-block-heading\">Formule classique<\/h2>\n\n\n\n<p class=\"is-style-default has-large-font-size\"><strong>480\u20ac<\/strong><\/p>\n\n\n\n<p>Premier entretien sur place ou par visio-conf\u00e9rence ou t\u00e9l\u00e9phone.<\/p>\n\n\n\n<p>Interview jusqu&#8217;\u00e0 2h30.<\/p>\n\n\n\n<p>Utilisation de la lumi\u00e8re ambiante et ajout de lumi\u00e8re additionnelle pour un meilleur rendu.<\/p>\n\n\n\n<p>Insertion de photos ou petit film&nbsp;: <br>jusqu&#8217;\u00e0 trois fois 10 photos.<\/p>\n\n\n\n<p>Fichier envoy\u00e9 par mail ou sur cl\u00e9 usb.<\/p>\n\n\n\n<p>Clef usb suppl\u00e9mentaire : 10\u20ac<\/p>\n<\/div>\n\n\n\n<div class=\"wp-block-group has-global-padding is-layout-constrained wp-block-group-is-layout-constrained\">\n<h2 class=\"wp-block-heading\">Formule \u00e9conomique<\/h2>\n\n\n\n<p class=\"has-large-font-size\"><strong>350\u20ac<\/strong><\/p>\n\n\n\n<p>Premier entretien par t\u00e9l\u00e9phone<\/p>\n\n\n\n<p>Interview jusqu&#8217;\u00e0 1h30.<\/p>\n\n\n\n<p>Utilisation de la lumi\u00e8re ambiante uniquement.<\/p>\n\n\n\n<p>Insertion d&#8217;une s\u00e9rie de 5 photos maximum.<\/p>\n\n\n\n<p>Fichier envoy\u00e9 par mail.<\/p>\n<\/div>\n\n\n\n<div class=\"wp-block-group has-global-padding is-layout-constrained wp-block-group-is-layout-constrained\">\n<h2 class=\"wp-block-heading\">Formule premium&nbsp;<\/h2>\n\n\n\n<p class=\"has-large-font-size\"><strong>Sur devis.<\/strong><\/p>\n\n\n\n<p>Tout est possible&nbsp;! Il est possible de filmer dans diff\u00e9rents endroits, sur plusieurs jours, int\u00e9grer un petit film sur un lieu, une maison, un atelier&#8230; filmer avec deux cam\u00e9ras, interviewer des amis, coll\u00e8gues, membres de la famille&#8230;<\/p>\n<\/div>\n<\/div>\n\n\n\n<div class=\"wp-block-group alignwide is-layout-flow wp-block-group-is-layout-flow\">\n<p><strong>Note&nbsp;: les photos devront \u00eatre pr\u00e9par\u00e9es \u00e0 l&#8217;avance et envoy\u00e9es par mail ou donn\u00e9es le jours du tournage sur clef usb.<\/strong><\/p>\n\n\n\n<p>Suppl\u00e9ment pour recevoir une version en dvd&nbsp;: 50\u20ac et 10\u20ac par dvd suppl\u00e9mentaire.<\/p>\n\n\n\n<p>Un suppl\u00e9ment peut \u00eatre demand\u00e9 selon la distance du lieu de l&#8217;interview.<\/p>\n\n\n\n<p>Je peux vous accompagner pour la mise en ligne de la vid\u00e9o en vue d&#8217;un partage avec la famille et les amis <br>(en version publique ou non publique sur Youtube par exemple)<\/p>\n\n\n\n<p><strong>Pour toute question, n&#8217;h\u00e9sitez pas \u00e0 me contacter.<\/strong><\/p>\n<\/div>\n","protected":false},"excerpt":{"rendered":"<p>Formule classique 480\u20ac Premier entretien sur place ou par visio-conf\u00e9rence ou t\u00e9l\u00e9phone. Interview jusqu&#8217;\u00e0 2h30. Utilisation de la lumi\u00e8re ambiante et ajout de lumi\u00e8re additionnelle pour un meilleur rendu. Insertion de photos ou petit film&nbsp;: jusqu&#8217;\u00e0 trois fois 10 photos. Fichier envoy\u00e9 par mail ou sur cl\u00e9 usb. Clef usb suppl\u00e9mentaire : 10\u20ac Formule \u00e9conomique&hellip;<\/p>\n","protected":false},"author":1,"featured_media":0,"parent":0,"menu_order":0,"comment_status":"closed","ping_status":"closed","template":"","meta":{"footnotes":""},"class_list":["post-1626","page","type-page","status-publish","hentry"],"_links":{"self":[{"href":"https:\/\/souvenirsdunevie.com\/index.php\/wp-json\/wp\/v2\/pages\/1626","targetHints":{"allow":["GET"]}}],"collection":[{"href":"https:\/\/souvenirsdunevie.com\/index.php\/wp-json\/wp\/v2\/pages"}],"about":[{"href":"https:\/\/souvenirsdunevie.com\/index.php\/wp-json\/wp\/v2\/types\/page"}],"author":[{"embeddable":true,"href":"https:\/\/souvenirsdunevie.com\/index.php\/wp-json\/wp\/v2\/users\/1"}],"replies":[{"embeddable":true,"href":"https:\/\/souvenirsdunevie.com\/index.php\/wp-json\/wp\/v2\/comments?post=1626"}],"version-history":[{"count":13,"href":"https:\/\/souvenirsdunevie.com\/index.php\/wp-json\/wp\/v2\/pages\/1626\/revisions"}],"predecessor-version":[{"id":1733,"href":"https:\/\/souvenirsdunevie.com\/index.php\/wp-json\/wp\/v2\/pages\/1626\/revisions\/1733"}],"wp:attachment":[{"href":"https:\/\/souvenirsdunevie.com\/index.php\/wp-json\/wp\/v2\/media?parent=1626"}],"curies":[{"name":"wp","href":"https:\/\/api.w.org\/{rel}","templated":true}]}}