{"id":1517,"date":"2024-10-28T18:35:08","date_gmt":"2024-10-28T17:35:08","guid":{"rendered":"https:\/\/souvenirsdunevie.com\/?page_id=1517"},"modified":"2024-11-05T16:00:19","modified_gmt":"2024-11-05T15:00:19","slug":"interview-2","status":"publish","type":"page","link":"https:\/\/souvenirsdunevie.com\/index.php\/interview-2\/","title":{"rendered":"interview"},"content":{"rendered":"\n<figure class=\"wp-block-image alignfull size-full\"><img loading=\"lazy\" decoding=\"async\" width=\"1600\" height=\"182\" src=\"https:\/\/souvenirsdunevie.com\/wp-content\/uploads\/2024\/11\/Titre-interview-pellicule.jpg\" alt=\"\" class=\"wp-image-1734\" srcset=\"https:\/\/souvenirsdunevie.com\/wp-content\/uploads\/2024\/11\/Titre-interview-pellicule.jpg 1600w, https:\/\/souvenirsdunevie.com\/wp-content\/uploads\/2024\/11\/Titre-interview-pellicule-300x34.jpg 300w, https:\/\/souvenirsdunevie.com\/wp-content\/uploads\/2024\/11\/Titre-interview-pellicule-1024x116.jpg 1024w, https:\/\/souvenirsdunevie.com\/wp-content\/uploads\/2024\/11\/Titre-interview-pellicule-768x87.jpg 768w, https:\/\/souvenirsdunevie.com\/wp-content\/uploads\/2024\/11\/Titre-interview-pellicule-1536x175.jpg 1536w\" sizes=\"auto, (max-width: 1600px) 100vw, 1600px\" \/><\/figure>\n\n\n\n<h2 class=\"wp-block-heading alignwide\">Comment se passe l&#8217;interview&nbsp;?<\/h2>\n\n\n\n<div class=\"wp-block-group alignwide is-layout-flow wp-block-group-is-layout-flow\">\n<p>Apr\u00e8s un premier entretien pour faire connaissance et le pr\u00e9parer, il y a deux options :<\/p>\n\n\n\n<ul class=\"wp-block-list\">\n<li>&nbsp;soit un membre de la famille peut \u00eatre pr\u00e9sent afin d&#8217;aiguiller le r\u00e9cit et rappeler des moments importants (si je n&#8217;avais pas \u00e9t\u00e9 l\u00e0, ma m\u00e8re aurait oubli\u00e9 de raconter des passages importants).<\/li>\n<\/ul>\n\n\n\n<ul class=\"wp-block-list\">\n<li>soit je peux \u00eatre seul \u00e0 mener l&#8217;interview et poser des questions (il y a des personnes qui n&#8217;ont jamais voulu parler de moments graves de leur vie \u00e0 leurs enfants, comme par exemple un exil ou une guerre, et qui serait pr\u00eates \u00e0 en parler avec moi).<\/li>\n<\/ul>\n\n\n\n<p>Selon le lieu, la disposition et la force physique de la personne, il peut y avoir l&#8217;installation de lumi\u00e8res suppl\u00e9mentaires (pour un rendu encore plus professionnel) ou simplement l&#8217;utilisation optimale de la lumi\u00e8re ambiante.<\/p>\n<\/div>\n\n\n\n<h2 class=\"wp-block-heading alignwide\">Que se passe-t-il apr\u00e8s&nbsp;?<\/h2>\n\n\n\n<div class=\"wp-block-group alignwide is-layout-flow wp-block-group-is-layout-flow\">\n<ul class=\"wp-block-list\">\n<li>c&#8217;est la phase de montage o\u00f9 je r\u00e8gle le son, je coupe \u00e9ventuellement des passages qui n&#8217;impactent pas le r\u00e9cit (une toux, le temps de chercher une photo&#8230;). Ajout de photos etc&#8230;<\/li>\n\n\n\n<li>le film vous sera transmis sur clef usb et sur dvd \u00e0 la demande. Il pourra aussi \u00eatre mis sur Youtube sur une page non publique \u00e0 partager avec la famille et les amis.<\/li>\n<\/ul>\n\n\n\n<blockquote class=\"wp-block-quote is-layout-flow wp-block-quote-is-layout-flow\">\n<p>Bilingue fran\u00e7ais-anglais. Il est possible d&#8217;enregistrer dans ces deux langues.<\/p>\n<\/blockquote>\n<\/div>\n","protected":false},"excerpt":{"rendered":"<p>Comment se passe l&#8217;interview&nbsp;? Apr\u00e8s un premier entretien pour faire connaissance et le pr\u00e9parer, il y a deux options : Selon le lieu, la disposition et la force physique de la personne, il peut y avoir l&#8217;installation de lumi\u00e8res suppl\u00e9mentaires (pour un rendu encore plus professionnel) ou simplement l&#8217;utilisation optimale de la lumi\u00e8re ambiante. Que&hellip;<\/p>\n","protected":false},"author":1,"featured_media":0,"parent":0,"menu_order":0,"comment_status":"closed","ping_status":"closed","template":"","meta":{"footnotes":""},"class_list":["post-1517","page","type-page","status-publish","hentry"],"_links":{"self":[{"href":"https:\/\/souvenirsdunevie.com\/index.php\/wp-json\/wp\/v2\/pages\/1517","targetHints":{"allow":["GET"]}}],"collection":[{"href":"https:\/\/souvenirsdunevie.com\/index.php\/wp-json\/wp\/v2\/pages"}],"about":[{"href":"https:\/\/souvenirsdunevie.com\/index.php\/wp-json\/wp\/v2\/types\/page"}],"author":[{"embeddable":true,"href":"https:\/\/souvenirsdunevie.com\/index.php\/wp-json\/wp\/v2\/users\/1"}],"replies":[{"embeddable":true,"href":"https:\/\/souvenirsdunevie.com\/index.php\/wp-json\/wp\/v2\/comments?post=1517"}],"version-history":[{"count":31,"href":"https:\/\/souvenirsdunevie.com\/index.php\/wp-json\/wp\/v2\/pages\/1517\/revisions"}],"predecessor-version":[{"id":1735,"href":"https:\/\/souvenirsdunevie.com\/index.php\/wp-json\/wp\/v2\/pages\/1517\/revisions\/1735"}],"wp:attachment":[{"href":"https:\/\/souvenirsdunevie.com\/index.php\/wp-json\/wp\/v2\/media?parent=1517"}],"curies":[{"name":"wp","href":"https:\/\/api.w.org\/{rel}","templated":true}]}}